{"id":7,"date":"2011-12-11T10:45:47","date_gmt":"2011-12-11T10:45:47","guid":{"rendered":"http:\/\/www.levitas.hr\/?page_id=7"},"modified":"2021-03-23T07:58:02","modified_gmt":"2021-03-23T07:58:02","slug":"o-nama","status":"publish","type":"page","link":"https:\/\/www.levitas.hr\/?page_id=7","title":{"rendered":"O nama"},"content":{"rendered":"<p class=\"body\">Levitas d.o.o. osnovan je 2008. godine, s osnovnom djelatno\u0161\u0107u\u00a0 izrade proizvoda od nehr\u0111aju\u0107ih \u010delika, \u00a0inox ograda, pekarske i ugostiteljske opreme te izradom proizvoda od kovanih profila i elemenata (kovane ograde).<\/p>\n<p><a href=\"http:\/\/www.levitas.hr\/wp-content\/uploads\/2021\/03\/a_stil_1.png\"><img loading=\"lazy\" decoding=\"async\" class=\"aligncenter size-full wp-image-1852\" src=\"http:\/\/www.levitas.hr\/wp-content\/uploads\/2021\/03\/a_stil_1.png\" alt=\"\" width=\"750\" height=\"422\" srcset=\"https:\/\/www.levitas.hr\/wp-content\/uploads\/2021\/03\/a_stil_1.png 750w, https:\/\/www.levitas.hr\/wp-content\/uploads\/2021\/03\/a_stil_1-300x169.png 300w, https:\/\/www.levitas.hr\/wp-content\/uploads\/2021\/03\/a_stil_1-348x196.png 348w\" sizes=\"auto, (max-width: 750px) 100vw, 750px\" \/><\/a><\/p>\n\n\n<p>Kao mala tvrtka veliku pozornost pridajemo kvaliteti, ali pritom iskazujemo zna\u010dajnu&nbsp; fleksibilnost prema potrebama na\u0161ih klijenata. Profilirali smo se u izradi balkonskih, stubi\u0161nih i dvori\u0161nih inox i kovanih ograda, te izradi ugostiteljske i pekarske opreme.<\/p>\n\n\n\n<p><\/p>\n\n\n\n<p>Vi\u0161egodi\u0161nje radno iskustvo i zadovoljni klijenti pozivaju Vas da nas sa punim povjerenjem anga\u017eirate.<\/p>\n","protected":false},"excerpt":{"rendered":"<p>Levitas d.o.o. osnovan je 2008. godine, s osnovnom djelatno\u0161\u0107u\u00a0 izrade proizvoda od nehr\u0111aju\u0107ih \u010delika, \u00a0inox ograda, pekarske i ugostiteljske opreme te izradom proizvoda od kovanih profila i elemenata (kovane ograde). Kao mala tvrtka veliku pozornost pridajemo kvaliteti, ali pritom iskazujemo zna\u010dajnu&nbsp; fleksibilnost prema potrebama na\u0161ih klijenata. Profilirali smo se u izradi balkonskih, stubi\u0161nih i dvori\u0161nih [&hellip;]<\/p>\n","protected":false},"author":1,"featured_media":0,"parent":0,"menu_order":0,"comment_status":"closed","ping_status":"closed","template":"","meta":{"footnotes":""},"class_list":["post-7","page","type-page","status-publish","hentry"],"yoast_head":"<!-- This site is optimized with the Yoast SEO plugin v26.1.1 - https:\/\/yoast.com\/wordpress\/plugins\/seo\/ -->\n<title>O nama -<\/title>\n<meta name=\"robots\" content=\"index, follow, max-snippet:-1, max-image-preview:large, max-video-preview:-1\" \/>\n<link rel=\"canonical\" href=\"https:\/\/www.levitas.hr\/?page_id=7\" \/>\n<meta property=\"og:locale\" content=\"hr_HR\" \/>\n<meta property=\"og:type\" content=\"article\" \/>\n<meta property=\"og:title\" content=\"O nama -\" \/>\n<meta property=\"og:description\" content=\"Levitas d.o.o. osnovan je 2008. godine, s osnovnom djelatno\u0161\u0107u\u00a0 izrade proizvoda od nehr\u0111aju\u0107ih \u010delika, \u00a0inox ograda, pekarske i ugostiteljske opreme te izradom proizvoda od kovanih profila i elemenata (kovane ograde). Kao mala tvrtka veliku pozornost pridajemo kvaliteti, ali pritom iskazujemo zna\u010dajnu&nbsp; fleksibilnost prema potrebama na\u0161ih klijenata. Profilirali smo se u izradi balkonskih, stubi\u0161nih i dvori\u0161nih [&hellip;]\" \/>\n<meta property=\"og:url\" content=\"https:\/\/www.levitas.hr\/?page_id=7\" \/>\n<meta property=\"article:modified_time\" content=\"2021-03-23T07:58:02+00:00\" \/>\n<meta property=\"og:image\" content=\"http:\/\/www.levitas.hr\/wp-content\/uploads\/2021\/03\/a_stil_1.png\" \/>\n<meta name=\"twitter:card\" content=\"summary_large_image\" \/>\n<script type=\"application\/ld+json\" class=\"yoast-schema-graph\">{\"@context\":\"https:\/\/schema.org\",\"@graph\":[{\"@type\":\"WebPage\",\"@id\":\"https:\/\/www.levitas.hr\/?page_id=7\",\"url\":\"https:\/\/www.levitas.hr\/?page_id=7\",\"name\":\"O nama -\",\"isPartOf\":{\"@id\":\"https:\/\/www.levitas.hr\/#website\"},\"primaryImageOfPage\":{\"@id\":\"https:\/\/www.levitas.hr\/?page_id=7#primaryimage\"},\"image\":{\"@id\":\"https:\/\/www.levitas.hr\/?page_id=7#primaryimage\"},\"thumbnailUrl\":\"http:\/\/www.levitas.hr\/wp-content\/uploads\/2021\/03\/a_stil_1.png\",\"datePublished\":\"2011-12-11T10:45:47+00:00\",\"dateModified\":\"2021-03-23T07:58:02+00:00\",\"breadcrumb\":{\"@id\":\"https:\/\/www.levitas.hr\/?page_id=7#breadcrumb\"},\"inLanguage\":\"hr\",\"potentialAction\":[{\"@type\":\"ReadAction\",\"target\":[\"https:\/\/www.levitas.hr\/?page_id=7\"]}]},{\"@type\":\"ImageObject\",\"inLanguage\":\"hr\",\"@id\":\"https:\/\/www.levitas.hr\/?page_id=7#primaryimage\",\"url\":\"http:\/\/www.levitas.hr\/wp-content\/uploads\/2021\/03\/a_stil_1.png\",\"contentUrl\":\"http:\/\/www.levitas.hr\/wp-content\/uploads\/2021\/03\/a_stil_1.png\"},{\"@type\":\"BreadcrumbList\",\"@id\":\"https:\/\/www.levitas.hr\/?page_id=7#breadcrumb\",\"itemListElement\":[{\"@type\":\"ListItem\",\"position\":1,\"name\":\"Po\u010detna stranica\",\"item\":\"https:\/\/www.levitas.hr\/\"},{\"@type\":\"ListItem\",\"position\":2,\"name\":\"O nama\"}]},{\"@type\":\"WebSite\",\"@id\":\"https:\/\/www.levitas.hr\/#website\",\"url\":\"https:\/\/www.levitas.hr\/\",\"name\":\"Levitas d.o.o.\",\"description\":\"Kvalitetna bravarija po mjeri\",\"publisher\":{\"@id\":\"https:\/\/www.levitas.hr\/#organization\"},\"potentialAction\":[{\"@type\":\"SearchAction\",\"target\":{\"@type\":\"EntryPoint\",\"urlTemplate\":\"https:\/\/www.levitas.hr\/?s={search_term_string}\"},\"query-input\":{\"@type\":\"PropertyValueSpecification\",\"valueRequired\":true,\"valueName\":\"search_term_string\"}}],\"inLanguage\":\"hr\"},{\"@type\":\"Organization\",\"@id\":\"https:\/\/www.levitas.hr\/#organization\",\"name\":\"Levitas d.o.o.\",\"url\":\"https:\/\/www.levitas.hr\/\",\"logo\":{\"@type\":\"ImageObject\",\"inLanguage\":\"hr\",\"@id\":\"https:\/\/www.levitas.hr\/#\/schema\/logo\/image\/\",\"url\":\"https:\/\/www.levitas.hr\/wp-content\/uploads\/2021\/03\/cropped-logo-1-4.png\",\"contentUrl\":\"https:\/\/www.levitas.hr\/wp-content\/uploads\/2021\/03\/cropped-logo-1-4.png\",\"width\":150,\"height\":17,\"caption\":\"Levitas d.o.o.\"},\"image\":{\"@id\":\"https:\/\/www.levitas.hr\/#\/schema\/logo\/image\/\"}}]}<\/script>\n<!-- \/ Yoast SEO plugin. -->","yoast_head_json":{"title":"O nama -","robots":{"index":"index","follow":"follow","max-snippet":"max-snippet:-1","max-image-preview":"max-image-preview:large","max-video-preview":"max-video-preview:-1"},"canonical":"https:\/\/www.levitas.hr\/?page_id=7","og_locale":"hr_HR","og_type":"article","og_title":"O nama -","og_description":"Levitas d.o.o. osnovan je 2008. godine, s osnovnom djelatno\u0161\u0107u\u00a0 izrade proizvoda od nehr\u0111aju\u0107ih \u010delika, \u00a0inox ograda, pekarske i ugostiteljske opreme te izradom proizvoda od kovanih profila i elemenata (kovane ograde). Kao mala tvrtka veliku pozornost pridajemo kvaliteti, ali pritom iskazujemo zna\u010dajnu&nbsp; fleksibilnost prema potrebama na\u0161ih klijenata. Profilirali smo se u izradi balkonskih, stubi\u0161nih i dvori\u0161nih [&hellip;]","og_url":"https:\/\/www.levitas.hr\/?page_id=7","article_modified_time":"2021-03-23T07:58:02+00:00","og_image":[{"url":"http:\/\/www.levitas.hr\/wp-content\/uploads\/2021\/03\/a_stil_1.png","type":"","width":"","height":""}],"twitter_card":"summary_large_image","schema":{"@context":"https:\/\/schema.org","@graph":[{"@type":"WebPage","@id":"https:\/\/www.levitas.hr\/?page_id=7","url":"https:\/\/www.levitas.hr\/?page_id=7","name":"O nama -","isPartOf":{"@id":"https:\/\/www.levitas.hr\/#website"},"primaryImageOfPage":{"@id":"https:\/\/www.levitas.hr\/?page_id=7#primaryimage"},"image":{"@id":"https:\/\/www.levitas.hr\/?page_id=7#primaryimage"},"thumbnailUrl":"http:\/\/www.levitas.hr\/wp-content\/uploads\/2021\/03\/a_stil_1.png","datePublished":"2011-12-11T10:45:47+00:00","dateModified":"2021-03-23T07:58:02+00:00","breadcrumb":{"@id":"https:\/\/www.levitas.hr\/?page_id=7#breadcrumb"},"inLanguage":"hr","potentialAction":[{"@type":"ReadAction","target":["https:\/\/www.levitas.hr\/?page_id=7"]}]},{"@type":"ImageObject","inLanguage":"hr","@id":"https:\/\/www.levitas.hr\/?page_id=7#primaryimage","url":"http:\/\/www.levitas.hr\/wp-content\/uploads\/2021\/03\/a_stil_1.png","contentUrl":"http:\/\/www.levitas.hr\/wp-content\/uploads\/2021\/03\/a_stil_1.png"},{"@type":"BreadcrumbList","@id":"https:\/\/www.levitas.hr\/?page_id=7#breadcrumb","itemListElement":[{"@type":"ListItem","position":1,"name":"Po\u010detna stranica","item":"https:\/\/www.levitas.hr\/"},{"@type":"ListItem","position":2,"name":"O nama"}]},{"@type":"WebSite","@id":"https:\/\/www.levitas.hr\/#website","url":"https:\/\/www.levitas.hr\/","name":"Levitas d.o.o.","description":"Kvalitetna bravarija po mjeri","publisher":{"@id":"https:\/\/www.levitas.hr\/#organization"},"potentialAction":[{"@type":"SearchAction","target":{"@type":"EntryPoint","urlTemplate":"https:\/\/www.levitas.hr\/?s={search_term_string}"},"query-input":{"@type":"PropertyValueSpecification","valueRequired":true,"valueName":"search_term_string"}}],"inLanguage":"hr"},{"@type":"Organization","@id":"https:\/\/www.levitas.hr\/#organization","name":"Levitas d.o.o.","url":"https:\/\/www.levitas.hr\/","logo":{"@type":"ImageObject","inLanguage":"hr","@id":"https:\/\/www.levitas.hr\/#\/schema\/logo\/image\/","url":"https:\/\/www.levitas.hr\/wp-content\/uploads\/2021\/03\/cropped-logo-1-4.png","contentUrl":"https:\/\/www.levitas.hr\/wp-content\/uploads\/2021\/03\/cropped-logo-1-4.png","width":150,"height":17,"caption":"Levitas d.o.o."},"image":{"@id":"https:\/\/www.levitas.hr\/#\/schema\/logo\/image\/"}}]}},"_links":{"self":[{"href":"https:\/\/www.levitas.hr\/index.php?rest_route=\/wp\/v2\/pages\/7","targetHints":{"allow":["GET"]}}],"collection":[{"href":"https:\/\/www.levitas.hr\/index.php?rest_route=\/wp\/v2\/pages"}],"about":[{"href":"https:\/\/www.levitas.hr\/index.php?rest_route=\/wp\/v2\/types\/page"}],"author":[{"embeddable":true,"href":"https:\/\/www.levitas.hr\/index.php?rest_route=\/wp\/v2\/users\/1"}],"replies":[{"embeddable":true,"href":"https:\/\/www.levitas.hr\/index.php?rest_route=%2Fwp%2Fv2%2Fcomments&post=7"}],"version-history":[{"count":28,"href":"https:\/\/www.levitas.hr\/index.php?rest_route=\/wp\/v2\/pages\/7\/revisions"}],"predecessor-version":[{"id":1853,"href":"https:\/\/www.levitas.hr\/index.php?rest_route=\/wp\/v2\/pages\/7\/revisions\/1853"}],"wp:attachment":[{"href":"https:\/\/www.levitas.hr\/index.php?rest_route=%2Fwp%2Fv2%2Fmedia&parent=7"}],"curies":[{"name":"wp","href":"https:\/\/api.w.org\/{rel}","templated":true}]}}