{"id":1409,"date":"2021-03-18T08:06:46","date_gmt":"2021-03-18T08:06:46","guid":{"rendered":"http:\/\/www.levitas.hr\/?page_id=1409"},"modified":"2021-03-18T08:06:46","modified_gmt":"2021-03-18T08:06:46","slug":"ugostiteljska-oprema","status":"publish","type":"page","link":"https:\/\/www.levitas.hr\/?page_id=1409","title":{"rendered":"UGOSTITELJSKA OPREMA"},"content":{"rendered":"\n<p>Sve \u0161to se koristi u profesionalne mora biti otporno na habanje, dugotrajno, \u010dvrsto i nadasve funkcionalno. Inox kao materijal nam daje te karakteristike, a na\u0161e znanje i iskustvo oblikuju proizvod koji Vam slu\u017ei u poslovanju.<\/p>\n","protected":false},"excerpt":{"rendered":"<p>Sve \u0161to se koristi u profesionalne mora biti otporno na habanje, dugotrajno, \u010dvrsto i nadasve funkcionalno. Inox kao materijal nam daje te karakteristike, a na\u0161e znanje i iskustvo oblikuju proizvod koji Vam slu\u017ei u poslovanju.<\/p>\n","protected":false},"author":1,"featured_media":882,"parent":0,"menu_order":0,"comment_status":"closed","ping_status":"closed","template":"","meta":{"footnotes":""},"class_list":["post-1409","page","type-page","status-publish","has-post-thumbnail","hentry"],"yoast_head":"<!-- This site is optimized with the Yoast SEO plugin v26.1.1 - https:\/\/yoast.com\/wordpress\/plugins\/seo\/ -->\n<title>UGOSTITELJSKA OPREMA -<\/title>\n<meta name=\"robots\" content=\"index, follow, max-snippet:-1, max-image-preview:large, max-video-preview:-1\" \/>\n<link rel=\"canonical\" href=\"https:\/\/www.levitas.hr\/?page_id=1409\" \/>\n<meta property=\"og:locale\" content=\"hr_HR\" \/>\n<meta property=\"og:type\" content=\"article\" \/>\n<meta property=\"og:title\" content=\"UGOSTITELJSKA OPREMA -\" \/>\n<meta property=\"og:description\" content=\"Sve \u0161to se koristi u profesionalne mora biti otporno na habanje, dugotrajno, \u010dvrsto i nadasve funkcionalno. Inox kao materijal nam daje te karakteristike, a na\u0161e znanje i iskustvo oblikuju proizvod koji Vam slu\u017ei u poslovanju.\" \/>\n<meta property=\"og:url\" content=\"https:\/\/www.levitas.hr\/?page_id=1409\" \/>\n<meta property=\"og:image\" content=\"https:\/\/www.levitas.hr\/wp-content\/uploads\/2011\/12\/IMG_23163.jpg\" \/>\n\t<meta property=\"og:image:width\" content=\"800\" \/>\n\t<meta property=\"og:image:height\" content=\"600\" \/>\n\t<meta property=\"og:image:type\" content=\"image\/jpeg\" \/>\n<meta name=\"twitter:card\" content=\"summary_large_image\" \/>\n<script type=\"application\/ld+json\" class=\"yoast-schema-graph\">{\"@context\":\"https:\/\/schema.org\",\"@graph\":[{\"@type\":\"WebPage\",\"@id\":\"https:\/\/www.levitas.hr\/?page_id=1409\",\"url\":\"https:\/\/www.levitas.hr\/?page_id=1409\",\"name\":\"UGOSTITELJSKA OPREMA -\",\"isPartOf\":{\"@id\":\"https:\/\/www.levitas.hr\/#website\"},\"primaryImageOfPage\":{\"@id\":\"https:\/\/www.levitas.hr\/?page_id=1409#primaryimage\"},\"image\":{\"@id\":\"https:\/\/www.levitas.hr\/?page_id=1409#primaryimage\"},\"thumbnailUrl\":\"https:\/\/www.levitas.hr\/wp-content\/uploads\/2011\/12\/IMG_23163.jpg\",\"datePublished\":\"2021-03-18T08:06:46+00:00\",\"breadcrumb\":{\"@id\":\"https:\/\/www.levitas.hr\/?page_id=1409#breadcrumb\"},\"inLanguage\":\"hr\",\"potentialAction\":[{\"@type\":\"ReadAction\",\"target\":[\"https:\/\/www.levitas.hr\/?page_id=1409\"]}]},{\"@type\":\"ImageObject\",\"inLanguage\":\"hr\",\"@id\":\"https:\/\/www.levitas.hr\/?page_id=1409#primaryimage\",\"url\":\"https:\/\/www.levitas.hr\/wp-content\/uploads\/2011\/12\/IMG_23163.jpg\",\"contentUrl\":\"https:\/\/www.levitas.hr\/wp-content\/uploads\/2011\/12\/IMG_23163.jpg\",\"width\":\"800\",\"height\":\"600\"},{\"@type\":\"BreadcrumbList\",\"@id\":\"https:\/\/www.levitas.hr\/?page_id=1409#breadcrumb\",\"itemListElement\":[{\"@type\":\"ListItem\",\"position\":1,\"name\":\"Po\u010detna stranica\",\"item\":\"https:\/\/www.levitas.hr\/\"},{\"@type\":\"ListItem\",\"position\":2,\"name\":\"UGOSTITELJSKA OPREMA\"}]},{\"@type\":\"WebSite\",\"@id\":\"https:\/\/www.levitas.hr\/#website\",\"url\":\"https:\/\/www.levitas.hr\/\",\"name\":\"Levitas d.o.o.\",\"description\":\"Kvalitetna bravarija po mjeri\",\"publisher\":{\"@id\":\"https:\/\/www.levitas.hr\/#organization\"},\"potentialAction\":[{\"@type\":\"SearchAction\",\"target\":{\"@type\":\"EntryPoint\",\"urlTemplate\":\"https:\/\/www.levitas.hr\/?s={search_term_string}\"},\"query-input\":{\"@type\":\"PropertyValueSpecification\",\"valueRequired\":true,\"valueName\":\"search_term_string\"}}],\"inLanguage\":\"hr\"},{\"@type\":\"Organization\",\"@id\":\"https:\/\/www.levitas.hr\/#organization\",\"name\":\"Levitas d.o.o.\",\"url\":\"https:\/\/www.levitas.hr\/\",\"logo\":{\"@type\":\"ImageObject\",\"inLanguage\":\"hr\",\"@id\":\"https:\/\/www.levitas.hr\/#\/schema\/logo\/image\/\",\"url\":\"https:\/\/www.levitas.hr\/wp-content\/uploads\/2021\/03\/cropped-logo-1-4.png\",\"contentUrl\":\"https:\/\/www.levitas.hr\/wp-content\/uploads\/2021\/03\/cropped-logo-1-4.png\",\"width\":150,\"height\":17,\"caption\":\"Levitas d.o.o.\"},\"image\":{\"@id\":\"https:\/\/www.levitas.hr\/#\/schema\/logo\/image\/\"}}]}<\/script>\n<!-- \/ Yoast SEO plugin. -->","yoast_head_json":{"title":"UGOSTITELJSKA OPREMA -","robots":{"index":"index","follow":"follow","max-snippet":"max-snippet:-1","max-image-preview":"max-image-preview:large","max-video-preview":"max-video-preview:-1"},"canonical":"https:\/\/www.levitas.hr\/?page_id=1409","og_locale":"hr_HR","og_type":"article","og_title":"UGOSTITELJSKA OPREMA -","og_description":"Sve \u0161to se koristi u profesionalne mora biti otporno na habanje, dugotrajno, \u010dvrsto i nadasve funkcionalno. Inox kao materijal nam daje te karakteristike, a na\u0161e znanje i iskustvo oblikuju proizvod koji Vam slu\u017ei u poslovanju.","og_url":"https:\/\/www.levitas.hr\/?page_id=1409","og_image":[{"width":800,"height":600,"url":"https:\/\/www.levitas.hr\/wp-content\/uploads\/2011\/12\/IMG_23163.jpg","type":"image\/jpeg"}],"twitter_card":"summary_large_image","schema":{"@context":"https:\/\/schema.org","@graph":[{"@type":"WebPage","@id":"https:\/\/www.levitas.hr\/?page_id=1409","url":"https:\/\/www.levitas.hr\/?page_id=1409","name":"UGOSTITELJSKA OPREMA -","isPartOf":{"@id":"https:\/\/www.levitas.hr\/#website"},"primaryImageOfPage":{"@id":"https:\/\/www.levitas.hr\/?page_id=1409#primaryimage"},"image":{"@id":"https:\/\/www.levitas.hr\/?page_id=1409#primaryimage"},"thumbnailUrl":"https:\/\/www.levitas.hr\/wp-content\/uploads\/2011\/12\/IMG_23163.jpg","datePublished":"2021-03-18T08:06:46+00:00","breadcrumb":{"@id":"https:\/\/www.levitas.hr\/?page_id=1409#breadcrumb"},"inLanguage":"hr","potentialAction":[{"@type":"ReadAction","target":["https:\/\/www.levitas.hr\/?page_id=1409"]}]},{"@type":"ImageObject","inLanguage":"hr","@id":"https:\/\/www.levitas.hr\/?page_id=1409#primaryimage","url":"https:\/\/www.levitas.hr\/wp-content\/uploads\/2011\/12\/IMG_23163.jpg","contentUrl":"https:\/\/www.levitas.hr\/wp-content\/uploads\/2011\/12\/IMG_23163.jpg","width":"800","height":"600"},{"@type":"BreadcrumbList","@id":"https:\/\/www.levitas.hr\/?page_id=1409#breadcrumb","itemListElement":[{"@type":"ListItem","position":1,"name":"Po\u010detna stranica","item":"https:\/\/www.levitas.hr\/"},{"@type":"ListItem","position":2,"name":"UGOSTITELJSKA OPREMA"}]},{"@type":"WebSite","@id":"https:\/\/www.levitas.hr\/#website","url":"https:\/\/www.levitas.hr\/","name":"Levitas d.o.o.","description":"Kvalitetna bravarija po mjeri","publisher":{"@id":"https:\/\/www.levitas.hr\/#organization"},"potentialAction":[{"@type":"SearchAction","target":{"@type":"EntryPoint","urlTemplate":"https:\/\/www.levitas.hr\/?s={search_term_string}"},"query-input":{"@type":"PropertyValueSpecification","valueRequired":true,"valueName":"search_term_string"}}],"inLanguage":"hr"},{"@type":"Organization","@id":"https:\/\/www.levitas.hr\/#organization","name":"Levitas d.o.o.","url":"https:\/\/www.levitas.hr\/","logo":{"@type":"ImageObject","inLanguage":"hr","@id":"https:\/\/www.levitas.hr\/#\/schema\/logo\/image\/","url":"https:\/\/www.levitas.hr\/wp-content\/uploads\/2021\/03\/cropped-logo-1-4.png","contentUrl":"https:\/\/www.levitas.hr\/wp-content\/uploads\/2021\/03\/cropped-logo-1-4.png","width":150,"height":17,"caption":"Levitas d.o.o."},"image":{"@id":"https:\/\/www.levitas.hr\/#\/schema\/logo\/image\/"}}]}},"_links":{"self":[{"href":"https:\/\/www.levitas.hr\/index.php?rest_route=\/wp\/v2\/pages\/1409","targetHints":{"allow":["GET"]}}],"collection":[{"href":"https:\/\/www.levitas.hr\/index.php?rest_route=\/wp\/v2\/pages"}],"about":[{"href":"https:\/\/www.levitas.hr\/index.php?rest_route=\/wp\/v2\/types\/page"}],"author":[{"embeddable":true,"href":"https:\/\/www.levitas.hr\/index.php?rest_route=\/wp\/v2\/users\/1"}],"replies":[{"embeddable":true,"href":"https:\/\/www.levitas.hr\/index.php?rest_route=%2Fwp%2Fv2%2Fcomments&post=1409"}],"version-history":[{"count":1,"href":"https:\/\/www.levitas.hr\/index.php?rest_route=\/wp\/v2\/pages\/1409\/revisions"}],"predecessor-version":[{"id":1410,"href":"https:\/\/www.levitas.hr\/index.php?rest_route=\/wp\/v2\/pages\/1409\/revisions\/1410"}],"wp:featuredmedia":[{"embeddable":true,"href":"https:\/\/www.levitas.hr\/index.php?rest_route=\/wp\/v2\/media\/882"}],"wp:attachment":[{"href":"https:\/\/www.levitas.hr\/index.php?rest_route=%2Fwp%2Fv2%2Fmedia&parent=1409"}],"curies":[{"name":"wp","href":"https:\/\/api.w.org\/{rel}","templated":true}]}}