{"id":14,"date":"2011-12-11T10:51:01","date_gmt":"2011-12-11T10:51:01","guid":{"rendered":"http:\/\/www.levitas.hr\/?page_id=14"},"modified":"2011-12-18T19:33:18","modified_gmt":"2011-12-18T19:33:18","slug":"reference","status":"publish","type":"page","link":"https:\/\/www.levitas.hr\/?page_id=14","title":{"rendered":"Reference"},"content":{"rendered":"<p>\u00a0<strong>INOX BALKONSKE OGRADE\u00a0<\/strong><strong>\u00a0<\/strong><\/p>\n<ul>\n<li>Ivan \u017divkovi\u0107, Blato, Zagreb, INOX balkonska ograda<span style=\"text-decoration: underline;\">\u00a0<\/span><\/li>\n<li>Mato Jeli\u010di\u0107, Dubrava, Zagreb, INOX balkonska ograda\u00a0<\/li>\n<li>Marko Pribani\u0107, Stupnik, Zagreb, INOX balkonska ograda<\/li>\n<li>Mario Perkovi\u0107, Remetinec, Zagreb, INOX balkonska ograda\u00a0<\/li>\n<li>Obitelj Kola\u010dko, Dubrava, Zagreb, INOX balkonska ograda\u00a0<\/li>\n<li>Pekara Marijan, Dugo Selo, Zagreb, INOX balkonska ograda\u00a0<\/li>\n<li>Obitelj \u0160andor, Ro\u017eenica, Pokupsko, Zagreb, INOX balkonska ograda\u00a0<\/li>\n<li>Obitelj Juri\u0161i\u0107, Jamodol, Karlovac, INOX balkonska ograda\u00a0<\/li>\n<li>Stevo \u010culig, Levku\u0161je, Karlovac, INOX balkonska ograda\u00a0<\/li>\n<li>Zoran \u0110ak, Vukmani\u010dki Cerovac, Karlovac, INOX balkonska ograda\u00a0<\/li>\n<li>Anto Ban, \u0160var\u010da, Karlovac, INOX balkonska ograda\u00a0<\/li>\n<li>Neven Mu\u0161kovac, \u0160var\u010da, Karlovac, INOX balkonska ograda\u00a0<\/li>\n<li>Rade Ma\u010de\u0161i\u0107, \u0160var\u010da, Karlovac, INOX balkonska ograda\u00a0<\/li>\n<li>Robert Mate\u0161a, \u0160var\u010da, Karlovac, INOX balkonska ograda\u00a0<\/li>\n<li>Fast d.o.o., Ka\u0161tel, Karlovac, INOX balkonska ograda\u00a0<\/li>\n<li>Ivan Basarac, Dubovac, Karlovac INOX balkonska ograda\u00a0<\/li>\n<li>Miro Trop\u010di\u0107, Gornje Stative, Karlovac INOX balkonska ograda\u00a0<\/li>\n<li>Ivica Maradin, Velika Jelsa, Karlovac, INOX balkonska ograda\u00a0<\/li>\n<li>Ru\u017ea Fok, Guci, Dragani\u0107, Karlovac, INOX balkonska ograda\u00a0<\/li>\n<li>Franjo \u010cumori\u0107, Dragani\u0107, Karlovac INOX balkonska ograda<\/li>\n<li>Jadranka Cigi\u0107, \u017dakanje, Ozalj, INOX balkonska ograda<\/li>\n<li>Stani\u0161i\u0107 d.o.o., Malinska, Krk, INOX balkonska ograda<\/li>\n<li>Dubravko Boldin, Brihovo, INOX balkonska ograda<\/li>\n<li>Darko Vrani\u0107, Gornja Kup\u010dina, Jastrebarsko, INOX balkonska ograda<\/li>\n<\/ul>\n<p>&nbsp;<\/p>\n<p>\u00a0<strong>INOX STUBI\u0160NE OGRADE\u00a0<\/strong>\u00a0<\/p>\n<ul>\n<li>Marko Pribani\u0107, Stupnik, Zagreb, INOX stubi\u0161na ograda<\/li>\n<li>Ivan \u017divkovi\u0107, Blato, Zagreb, INOX stubi\u0161na ograda<span style=\"text-decoration: underline;\">\u00a0<\/span><\/li>\n<li>Dra\u017een Polovi\u0107, Gr\u0161\u0107aki, Duga Resa, INOX stubi\u0161na ograda<\/li>\n<li>Zoran \u0110ak, Vukmani\u010dki Cerovac, Karlovac, INOX stubi\u0161na ograda<\/li>\n<li>Robert Mate\u0161a, \u0160var\u010da, Karlovac, INOX stubi\u0161na ograda<\/li>\n<li>Katica Juri\u0161i\u0107, \u0160var\u010da, Karlovac, INOX stubi\u0161na ograda<\/li>\n<li>Boris Kri\u017eani\u0107, Turanj, Karlovac, INOX stubi\u0161na ograda\u00a0<\/li>\n<li>Drago Lisac, Vukmani\u0107, Karlovac, INOX stubi\u0161na ograda\u00a0<\/li>\n<li>Vulkanizer Busak, Ilovac, Karlovac, INOX stubi\u0161na ograda\u00a0<\/li>\n<li>Stani\u0161i\u0107 d.o.o., Malinska, Krk, INOX stubi\u0161na ograda\u00a0<\/li>\n<li>Ivica Anu\u0161i\u0107, INOX stubi\u0161na ograda\u00a0<\/li>\n<li>Nikola Gle\u0161\u0107, Ozalj, INOX stubi\u0161na ograda\u00a0<\/li>\n<li>Darko Vrani\u0107, Gornja Kup\u010dina, Jastrebarsko, INOX stubi\u0161na ograda\u00a0<\/li>\n<li>Marko Bla\u017eekovi\u0107, Lijevi \u0160tefanki, INOX stubi\u0161na ograda\u00a0<\/li>\n<li>Obitelj \u0160andor, Ro\u017eenica, Pokupsko, INOX stubi\u0161na ograda\u00a0<\/li>\n<\/ul>\n<p><strong><\/strong>\u00a0<\/p>\n<p><strong>INOX OGRADE TERASA<\/strong><\/p>\n<ul>\n<li>DOM-RAD, Jastrebarsko, INOX ograda terase\u00a0<\/li>\n<li>Ivica Budin\u0161\u0107ak, Jastrebarsko, INOX ograda terase\u00a0<\/li>\n<li>Obitelj Golub, Petrinja, INOX ograda terase\u00a0<\/li>\n<li>Ivan Basarac, Dubovac, INOX ograda dvori\u0161ta\u00a0<\/li>\n<li>Robert Mate\u0161a, \u0160var\u010da, INOX ograda terase\u00a0<\/li>\n<\/ul>\n<p><strong><\/strong>\u00a0<\/p>\n<p><strong>INOX DVORI\u0160NE OGRADE<\/strong><strong>\u00a0<\/strong><\/p>\n<ul>\n<li>Ivan \u017divkovi\u0107, Blato, Zagreb, INOX dvori\u0161na ograda<span style=\"text-decoration: underline;\">\u00a0<\/span><\/li>\n<li>Ivan Basarac, Dubovac, INOX dvori\u0161na ograda\u00a0<\/li>\n<\/ul>\n<p><strong><\/strong>\u00a0<\/p>\n<p><strong>INOX RUKOHVATI<\/strong>\u00a0<\/p>\n<ul>\n<li>Katica Juri\u0161i\u0107, \u0160var\u010da, INOX rukohvat\u00a0<\/li>\n<li>Miro Filip\u010di\u0107, Donje Stative, Netreti\u0107<\/li>\n<\/ul>\n<p>&nbsp;<\/p>\n<p><strong>KOVANE DVORI\u0160NE OGRADE\u00a0<\/strong><strong>\u00a0<\/strong><\/p>\n<ul>\n<li>Mario Gor\u0161i\u0107, Jela\u0161i, Karlovac, KOVANA dvori\u0161na ograda <strong><\/strong><\/li>\n<li>Tomislav Radatovi\u0107, Velika Jelsa, Karlovac, KOVANA dvori\u0161na ograda <strong><\/strong><\/li>\n<li>Stevo Mik\u0161i\u0107, Turanj, Karlovac, KOVANA dvori\u0161na ograda\u00a0<\/li>\n<li>Vinko Vukoje, Zadobarje, Karlovac, KOVANA dvori\u0161na ograda<strong>\u00a0<\/strong><\/li>\n<li>Darko Vrani\u0107, Gornja Kup\u010dina, Jastrebarsko, KOVANA dvori\u0161na ograda\u00a0<\/li>\n<\/ul>\n<p><strong><\/strong>\u00a0<\/p>\n<p><strong>KOVANE STUBI\u0160NE OGRADE<\/strong><strong>\u00a0<\/strong><\/p>\n<ul>\n<li>Tomislav Radatovi\u0107, Velika Jelsa, Karlovac, KOVANA stubi\u0161na ograda\u00a0<\/li>\n<\/ul>\n<p><strong><\/strong>\u00a0<\/p>\n<p><strong>KOVANI RUKOHVATI<\/strong><strong>\u00a0<\/strong><\/p>\n<ul>\n<li>Tomislav Radatovi\u0107, Velika Jelsa, Karlovac, KOVANI rukohvat<strong>\u00a0<\/strong><\/li>\n<\/ul>\n<p><strong><\/strong>\u00a0<\/p>\n<p><strong>INOX OPREMA ZA PEKARE<\/strong>\u00a0<\/p>\n<ul>\n<li>Pekare LEKAJ, hla\u0111eni radni stolovi, neutralni radni stolovi, pekarska kolica i drugi inox prozvodi za pekare\u00a0<\/li>\n<li>Pekare MONIKA, hla\u0111eni radni stolovi, neutralni radni stolovi, pekarska kolica i drugi inox prozvodi za pekare\u00a0<\/li>\n<li>Pekarna TRNSKO, Zagreb, Karlovac, hla\u0111eni radni stolovi, neutralni radni stolovi,<\/li>\n<li>Pekarna PEKAR.BUREG.OBRT -KOD MOSTA-, Karlovac, hla\u0111eni radni stolovi, neutralni radni stolovi, pekarska kolica i drugi inox prozvodi za pekare\u00a0<\/li>\n<li>PEKARNE FRAN PEK, SEKULA D.O.O., Zagreb, hla\u0111eni radni stolovi, neutralni radni stolovi, pekarska kolica i drugi inox prozvodi za pekare<\/li>\n<li>Pekarna JOHNY, Duga Resa, Ozalj, hla\u0111eni radni stolovi, neutralni radni stolovi, pekarska kolica i drugi inox prozvodi za pekare<\/li>\n<li>PEKARA DOM\u0160I\u0106, DUGA RESA, hla\u0111eni radni stolovi, neutralni radni stolovi, pekarska kolica i drugi inox prozvodi za pekare\u00a0<\/li>\n<li>PEKARSKI OBRT ELVIS, vl. Enver Ljetaj, Ozalj, hla\u0111eni radni stolovi, neutralni radni stolovi, pekarska kolica i drugi inox prozvodi za pekare\u00a0<\/li>\n<li>PEKARA EUROPA VL. LETAJ LUAN, BIH, hla\u0111eni radni stolovi, neutralni radni stolovi, pekarska kolica i drugi inox prozvodi za pekare\u00a0<\/li>\n<\/ul>\n<p><strong><\/strong>\u00a0<\/p>\n<p><strong>INOX OPREMA ZA UGOSTITELJE<\/strong><strong>\u00a0<\/strong><\/p>\n<ul>\n<li>\u0160U-\u0160U PUB, GRGAS d.o.o., Karlovac, INOX hla\u0111eni \u0161ank, INOX neutralni \u0161ank\u00a0<\/li>\n<li>UGOSTITELJSKI OBRT KURTI\u0160, ZAGREB, INOX hla\u0111eni \u0161ank, INOX neutralni \u0161ank, INOX napa\u00a0<\/li>\n<\/ul>\n<p><strong><\/strong>\u00a0<\/p>\n<p><strong>INOX OPREMA U PREHRAMBENOJ INDUSTRIJI<\/strong>\u00a0<\/p>\n<ul>\n<li>Mljekara KIM KARLOVAC, izrada i monta\u017ea INOX opreme u prehrambenoj industriji<\/li>\n<\/ul>\n","protected":false},"excerpt":{"rendered":"<p>\u00a0INOX BALKONSKE OGRADE\u00a0\u00a0 Ivan \u017divkovi\u0107, Blato, Zagreb, INOX balkonska ograda\u00a0 Mato Jeli\u010di\u0107, Dubrava, Zagreb, INOX balkonska ograda\u00a0 Marko Pribani\u0107, Stupnik, Zagreb, INOX balkonska ograda Mario Perkovi\u0107, Remetinec, Zagreb, INOX balkonska ograda\u00a0 Obitelj Kola\u010dko, Dubrava, Zagreb, INOX balkonska ograda\u00a0 Pekara Marijan, Dugo Selo, Zagreb, INOX balkonska ograda\u00a0 Obitelj \u0160andor, Ro\u017eenica, Pokupsko, Zagreb, INOX balkonska ograda\u00a0 Obitelj [&hellip;]<\/p>\n","protected":false},"author":1,"featured_media":0,"parent":0,"menu_order":0,"comment_status":"closed","ping_status":"closed","template":"","meta":{"footnotes":""},"class_list":["post-14","page","type-page","status-publish","hentry"],"yoast_head":"<!-- This site is optimized with the Yoast SEO plugin v26.1.1 - https:\/\/yoast.com\/wordpress\/plugins\/seo\/ -->\n<title>Reference -<\/title>\n<meta name=\"robots\" content=\"index, follow, max-snippet:-1, max-image-preview:large, max-video-preview:-1\" \/>\n<link rel=\"canonical\" href=\"https:\/\/www.levitas.hr\/?page_id=14\" \/>\n<meta property=\"og:locale\" content=\"hr_HR\" \/>\n<meta property=\"og:type\" content=\"article\" \/>\n<meta property=\"og:title\" content=\"Reference -\" \/>\n<meta property=\"og:description\" content=\"\u00a0INOX BALKONSKE OGRADE\u00a0\u00a0 Ivan \u017divkovi\u0107, Blato, Zagreb, INOX balkonska ograda\u00a0 Mato Jeli\u010di\u0107, Dubrava, Zagreb, INOX balkonska ograda\u00a0 Marko Pribani\u0107, Stupnik, Zagreb, INOX balkonska ograda Mario Perkovi\u0107, Remetinec, Zagreb, INOX balkonska ograda\u00a0 Obitelj Kola\u010dko, Dubrava, Zagreb, INOX balkonska ograda\u00a0 Pekara Marijan, Dugo Selo, Zagreb, INOX balkonska ograda\u00a0 Obitelj \u0160andor, Ro\u017eenica, Pokupsko, Zagreb, INOX balkonska ograda\u00a0 Obitelj [&hellip;]\" \/>\n<meta property=\"og:url\" content=\"https:\/\/www.levitas.hr\/?page_id=14\" \/>\n<meta property=\"article:modified_time\" content=\"2011-12-18T19:33:18+00:00\" \/>\n<meta name=\"twitter:card\" content=\"summary_large_image\" \/>\n<meta name=\"twitter:label1\" content=\"Procijenjeno vrijeme \u010ditanja\" \/>\n\t<meta name=\"twitter:data1\" content=\"4 minute\" \/>\n<script type=\"application\/ld+json\" class=\"yoast-schema-graph\">{\"@context\":\"https:\/\/schema.org\",\"@graph\":[{\"@type\":\"WebPage\",\"@id\":\"https:\/\/www.levitas.hr\/?page_id=14\",\"url\":\"https:\/\/www.levitas.hr\/?page_id=14\",\"name\":\"Reference -\",\"isPartOf\":{\"@id\":\"https:\/\/www.levitas.hr\/#website\"},\"datePublished\":\"2011-12-11T10:51:01+00:00\",\"dateModified\":\"2011-12-18T19:33:18+00:00\",\"breadcrumb\":{\"@id\":\"https:\/\/www.levitas.hr\/?page_id=14#breadcrumb\"},\"inLanguage\":\"hr\",\"potentialAction\":[{\"@type\":\"ReadAction\",\"target\":[\"https:\/\/www.levitas.hr\/?page_id=14\"]}]},{\"@type\":\"BreadcrumbList\",\"@id\":\"https:\/\/www.levitas.hr\/?page_id=14#breadcrumb\",\"itemListElement\":[{\"@type\":\"ListItem\",\"position\":1,\"name\":\"Po\u010detna stranica\",\"item\":\"https:\/\/www.levitas.hr\/\"},{\"@type\":\"ListItem\",\"position\":2,\"name\":\"Reference\"}]},{\"@type\":\"WebSite\",\"@id\":\"https:\/\/www.levitas.hr\/#website\",\"url\":\"https:\/\/www.levitas.hr\/\",\"name\":\"Levitas d.o.o.\",\"description\":\"Kvalitetna bravarija po mjeri\",\"publisher\":{\"@id\":\"https:\/\/www.levitas.hr\/#organization\"},\"potentialAction\":[{\"@type\":\"SearchAction\",\"target\":{\"@type\":\"EntryPoint\",\"urlTemplate\":\"https:\/\/www.levitas.hr\/?s={search_term_string}\"},\"query-input\":{\"@type\":\"PropertyValueSpecification\",\"valueRequired\":true,\"valueName\":\"search_term_string\"}}],\"inLanguage\":\"hr\"},{\"@type\":\"Organization\",\"@id\":\"https:\/\/www.levitas.hr\/#organization\",\"name\":\"Levitas d.o.o.\",\"url\":\"https:\/\/www.levitas.hr\/\",\"logo\":{\"@type\":\"ImageObject\",\"inLanguage\":\"hr\",\"@id\":\"https:\/\/www.levitas.hr\/#\/schema\/logo\/image\/\",\"url\":\"https:\/\/www.levitas.hr\/wp-content\/uploads\/2021\/03\/cropped-logo-1-4.png\",\"contentUrl\":\"https:\/\/www.levitas.hr\/wp-content\/uploads\/2021\/03\/cropped-logo-1-4.png\",\"width\":150,\"height\":17,\"caption\":\"Levitas d.o.o.\"},\"image\":{\"@id\":\"https:\/\/www.levitas.hr\/#\/schema\/logo\/image\/\"}}]}<\/script>\n<!-- \/ Yoast SEO plugin. -->","yoast_head_json":{"title":"Reference -","robots":{"index":"index","follow":"follow","max-snippet":"max-snippet:-1","max-image-preview":"max-image-preview:large","max-video-preview":"max-video-preview:-1"},"canonical":"https:\/\/www.levitas.hr\/?page_id=14","og_locale":"hr_HR","og_type":"article","og_title":"Reference -","og_description":"\u00a0INOX BALKONSKE OGRADE\u00a0\u00a0 Ivan \u017divkovi\u0107, Blato, Zagreb, INOX balkonska ograda\u00a0 Mato Jeli\u010di\u0107, Dubrava, Zagreb, INOX balkonska ograda\u00a0 Marko Pribani\u0107, Stupnik, Zagreb, INOX balkonska ograda Mario Perkovi\u0107, Remetinec, Zagreb, INOX balkonska ograda\u00a0 Obitelj Kola\u010dko, Dubrava, Zagreb, INOX balkonska ograda\u00a0 Pekara Marijan, Dugo Selo, Zagreb, INOX balkonska ograda\u00a0 Obitelj \u0160andor, Ro\u017eenica, Pokupsko, Zagreb, INOX balkonska ograda\u00a0 Obitelj [&hellip;]","og_url":"https:\/\/www.levitas.hr\/?page_id=14","article_modified_time":"2011-12-18T19:33:18+00:00","twitter_card":"summary_large_image","twitter_misc":{"Procijenjeno vrijeme \u010ditanja":"4 minute"},"schema":{"@context":"https:\/\/schema.org","@graph":[{"@type":"WebPage","@id":"https:\/\/www.levitas.hr\/?page_id=14","url":"https:\/\/www.levitas.hr\/?page_id=14","name":"Reference -","isPartOf":{"@id":"https:\/\/www.levitas.hr\/#website"},"datePublished":"2011-12-11T10:51:01+00:00","dateModified":"2011-12-18T19:33:18+00:00","breadcrumb":{"@id":"https:\/\/www.levitas.hr\/?page_id=14#breadcrumb"},"inLanguage":"hr","potentialAction":[{"@type":"ReadAction","target":["https:\/\/www.levitas.hr\/?page_id=14"]}]},{"@type":"BreadcrumbList","@id":"https:\/\/www.levitas.hr\/?page_id=14#breadcrumb","itemListElement":[{"@type":"ListItem","position":1,"name":"Po\u010detna stranica","item":"https:\/\/www.levitas.hr\/"},{"@type":"ListItem","position":2,"name":"Reference"}]},{"@type":"WebSite","@id":"https:\/\/www.levitas.hr\/#website","url":"https:\/\/www.levitas.hr\/","name":"Levitas d.o.o.","description":"Kvalitetna bravarija po mjeri","publisher":{"@id":"https:\/\/www.levitas.hr\/#organization"},"potentialAction":[{"@type":"SearchAction","target":{"@type":"EntryPoint","urlTemplate":"https:\/\/www.levitas.hr\/?s={search_term_string}"},"query-input":{"@type":"PropertyValueSpecification","valueRequired":true,"valueName":"search_term_string"}}],"inLanguage":"hr"},{"@type":"Organization","@id":"https:\/\/www.levitas.hr\/#organization","name":"Levitas d.o.o.","url":"https:\/\/www.levitas.hr\/","logo":{"@type":"ImageObject","inLanguage":"hr","@id":"https:\/\/www.levitas.hr\/#\/schema\/logo\/image\/","url":"https:\/\/www.levitas.hr\/wp-content\/uploads\/2021\/03\/cropped-logo-1-4.png","contentUrl":"https:\/\/www.levitas.hr\/wp-content\/uploads\/2021\/03\/cropped-logo-1-4.png","width":150,"height":17,"caption":"Levitas d.o.o."},"image":{"@id":"https:\/\/www.levitas.hr\/#\/schema\/logo\/image\/"}}]}},"_links":{"self":[{"href":"https:\/\/www.levitas.hr\/index.php?rest_route=\/wp\/v2\/pages\/14","targetHints":{"allow":["GET"]}}],"collection":[{"href":"https:\/\/www.levitas.hr\/index.php?rest_route=\/wp\/v2\/pages"}],"about":[{"href":"https:\/\/www.levitas.hr\/index.php?rest_route=\/wp\/v2\/types\/page"}],"author":[{"embeddable":true,"href":"https:\/\/www.levitas.hr\/index.php?rest_route=\/wp\/v2\/users\/1"}],"replies":[{"embeddable":true,"href":"https:\/\/www.levitas.hr\/index.php?rest_route=%2Fwp%2Fv2%2Fcomments&post=14"}],"version-history":[{"count":12,"href":"https:\/\/www.levitas.hr\/index.php?rest_route=\/wp\/v2\/pages\/14\/revisions"}],"predecessor-version":[{"id":351,"href":"https:\/\/www.levitas.hr\/index.php?rest_route=\/wp\/v2\/pages\/14\/revisions\/351"}],"wp:attachment":[{"href":"https:\/\/www.levitas.hr\/index.php?rest_route=%2Fwp%2Fv2%2Fmedia&parent=14"}],"curies":[{"name":"wp","href":"https:\/\/api.w.org\/{rel}","templated":true}]}}